{"id":3059,"date":"2015-03-16T07:14:25","date_gmt":"2015-03-16T06:14:25","guid":{"rendered":"http:\/\/www.flugmann.de\/?page_id=3059"},"modified":"2017-12-23T06:10:17","modified_gmt":"2017-12-23T05:10:17","slug":"bestof","status":"publish","type":"page","link":"http:\/\/www.flugmann.de\/?page_id=3059","title":{"rendered":"BestOf"},"content":{"rendered":"<p>Einige ausgew\u00e4hlte Luftbilder aus dem Flugmann-Portfolio:<br \/>\nngg_shortcode_0_placeholder<br \/>\nEine gr\u00f6\u00dfere Auswahl an Luftbildern finden Sie, nach Regionen geordnet, in den Unterpunkten des Men\u00fcs &#8222;<a href=\"http:\/\/www.flugmann.de\/?page_id=1142\">Bilder-Galerie<\/a>&#8222;.<\/p>\n","protected":false},"excerpt":{"rendered":"<p>Einige ausgew\u00e4hlte Luftbilder aus dem Flugmann-Portfolio: Eine gr\u00f6\u00dfere Auswahl an Luftbildern finden Sie, nach Regionen geordnet, in den Unterpunkten des Men\u00fcs &#8222;Bilder-Galerie&#8222;.<\/p>\n","protected":false},"author":2,"featured_media":0,"parent":1142,"menu_order":0,"comment_status":"closed","ping_status":"closed","template":"","meta":{"ngg_post_thumbnail":0,"footnotes":""},"class_list":["post-3059","page","type-page","status-publish","hentry","entry"],"_links":{"self":[{"href":"http:\/\/www.flugmann.de\/index.php?rest_route=\/wp\/v2\/pages\/3059","targetHints":{"allow":["GET"]}}],"collection":[{"href":"http:\/\/www.flugmann.de\/index.php?rest_route=\/wp\/v2\/pages"}],"about":[{"href":"http:\/\/www.flugmann.de\/index.php?rest_route=\/wp\/v2\/types\/page"}],"author":[{"embeddable":true,"href":"http:\/\/www.flugmann.de\/index.php?rest_route=\/wp\/v2\/users\/2"}],"replies":[{"embeddable":true,"href":"http:\/\/www.flugmann.de\/index.php?rest_route=%2Fwp%2Fv2%2Fcomments&post=3059"}],"version-history":[{"count":42,"href":"http:\/\/www.flugmann.de\/index.php?rest_route=\/wp\/v2\/pages\/3059\/revisions"}],"predecessor-version":[{"id":4672,"href":"http:\/\/www.flugmann.de\/index.php?rest_route=\/wp\/v2\/pages\/3059\/revisions\/4672"}],"up":[{"embeddable":true,"href":"http:\/\/www.flugmann.de\/index.php?rest_route=\/wp\/v2\/pages\/1142"}],"wp:attachment":[{"href":"http:\/\/www.flugmann.de\/index.php?rest_route=%2Fwp%2Fv2%2Fmedia&parent=3059"}],"curies":[{"name":"wp","href":"https:\/\/api.w.org\/{rel}","templated":true}]}}